{"id":1010,"date":"2023-02-26T19:17:20","date_gmt":"2023-02-26T19:17:20","guid":{"rendered":"https:\/\/issastrategy.com\/home-copy\/"},"modified":"2023-03-14T20:09:40","modified_gmt":"2023-03-14T20:09:40","slug":"network","status":"publish","type":"page","link":"https:\/\/issastrategy.com\/en\/network\/","title":{"rendered":"My Network"},"content":{"rendered":"\n<div class=\"wp-block-group alignfull has-amarillo-background-color has-background is-layout-flow wp-block-group-is-layout-flow\" id=\"reference-color\">\n<div class=\"wp-block-group alignfull is-layout-flow wp-block-group-is-layout-flow\" style=\"padding-top:var(--wp--preset--spacing--80);padding-right:0;padding-bottom:var(--wp--preset--spacing--80);padding-left:0\">\n<div class=\"wp-block-group alignfull is-layout-flow wp-block-group-is-layout-flow\" style=\"padding-top:0;padding-right:0;padding-bottom:0;padding-left:0\">\n<div class=\"wp-block-group alignfull site-navigation is-content-justification-space-between is-layout-flex wp-container-core-group-is-layout-ebaae733 wp-block-group-is-layout-flex\" style=\"padding-right:var(--wp--preset--spacing--40);padding-left:var(--wp--preset--spacing--40)\">\n<div class=\"wp-block-group is-layout-flex wp-block-group-is-layout-flex\"><div style=\"padding-top:var(--wp--preset--spacing--40);padding-bottom:var(--wp--preset--spacing--40);\" class=\"wp-block-site-logo\"><a href=\"https:\/\/issastrategy.com\/en\/\" class=\"custom-logo-link\" rel=\"home\"><img loading=\"lazy\" decoding=\"async\" width=\"165\" height=\"57\" src=\"https:\/\/issastrategy.com\/wp-content\/uploads\/2023\/02\/Logo_Issa-Strategy_Blanco-e1678201686601.png\" class=\"custom-logo\" alt=\"Issastrategy\" srcset=\"https:\/\/issastrategy.com\/wp-content\/uploads\/2023\/02\/Logo_Issa-Strategy_Blanco-e1678201686601.png 1080w, https:\/\/issastrategy.com\/wp-content\/uploads\/2023\/02\/Logo_Issa-Strategy_Blanco-e1678201686601-300x104.png 300w, https:\/\/issastrategy.com\/wp-content\/uploads\/2023\/02\/Logo_Issa-Strategy_Blanco-e1678201686601-1024x356.png 1024w, https:\/\/issastrategy.com\/wp-content\/uploads\/2023\/02\/Logo_Issa-Strategy_Blanco-e1678201686601-768x267.png 768w, https:\/\/issastrategy.com\/wp-content\/uploads\/2023\/02\/Logo_Issa-Strategy_Blanco-e1678201686601-18x6.png 18w\" sizes=\"auto, (max-width: 165px) 100vw, 165px\" title=\"\"><\/a><\/div><\/div>\n\n\n<nav class=\"has-text-color has-blanco-color has-small-font-size is-responsive items-justified-center menu-toggle-especial wp-block-navigation is-content-justification-center is-layout-flex wp-container-core-navigation-is-layout-0af31f88 wp-block-navigation-is-layout-flex\" aria-label=\"Navegaci\u00f3n\" \n\t\t data-wp-interactive=\"core\/navigation\" data-wp-context='{\"overlayOpenedBy\":{\"click\":false,\"hover\":false,\"focus\":false},\"type\":\"overlay\",\"roleAttribute\":\"\",\"ariaLabel\":\"Menu\"}'><button aria-haspopup=\"dialog\" aria-label=\"Open menu\" class=\"wp-block-navigation__responsive-container-open\" \n\t\t\t\tdata-wp-on--click=\"actions.openMenuOnClick\"\n\t\t\t\tdata-wp-on--keydown=\"actions.handleMenuKeydown\"\n\t\t\t><svg width=\"24\" height=\"24\" xmlns=\"http:\/\/www.w3.org\/2000\/svg\" viewBox=\"0 0 24 24\"><path d=\"M5 5v1.5h14V5H5z\"><\/path><path d=\"M5 12.8h14v-1.5H5v1.5z\"><\/path><path d=\"M5 19h14v-1.5H5V19z\"><\/path><\/svg><\/button>\n\t\t\t\t<div class=\"wp-block-navigation__responsive-container  has-text-color has-blanco-color has-background has-morado-background-color\"  id=\"modal-1\" \n\t\t\t\tdata-wp-class--has-modal-open=\"state.isMenuOpen\"\n\t\t\t\tdata-wp-class--is-menu-open=\"state.isMenuOpen\"\n\t\t\t\tdata-wp-watch=\"callbacks.initMenu\"\n\t\t\t\tdata-wp-on--keydown=\"actions.handleMenuKeydown\"\n\t\t\t\tdata-wp-on--focusout=\"actions.handleMenuFocusout\"\n\t\t\t\ttabindex=\"-1\"\n\t\t\t>\n\t\t\t\t\t<div class=\"wp-block-navigation__responsive-close\" tabindex=\"-1\">\n\t\t\t\t\t\t<div class=\"wp-block-navigation__responsive-dialog\" \n\t\t\t\tdata-wp-bind--aria-modal=\"state.ariaModal\"\n\t\t\t\tdata-wp-bind--aria-label=\"state.ariaLabel\"\n\t\t\t\tdata-wp-bind--role=\"state.roleAttribute\"\n\t\t\t>\n\t\t\t\t\t\t\t<button aria-label=\"Close menu\" class=\"wp-block-navigation__responsive-container-close\" \n\t\t\t\tdata-wp-on--click=\"actions.closeMenuOnClick\"\n\t\t\t><svg xmlns=\"http:\/\/www.w3.org\/2000\/svg\" viewBox=\"0 0 24 24\" width=\"24\" height=\"24\" aria-hidden=\"true\" focusable=\"false\"><path d=\"m13.06 12 6.47-6.47-1.06-1.06L12 10.94 5.53 4.47 4.47 5.53 10.94 12l-6.47 6.47 1.06 1.06L12 13.06l6.47 6.47 1.06-1.06L13.06 12Z\"><\/path><\/svg><\/button>\n\t\t\t\t\t\t\t<div class=\"wp-block-navigation__responsive-container-content\" \n\t\t\t\tdata-wp-watch=\"callbacks.focusFirstElement\"\n\t\t\t id=\"modal-1-content\">\n\t\t\t\t\t\t\t\t<ul class=\"wp-block-navigation__container has-text-color has-blanco-color has-small-font-size is-responsive items-justified-center menu-toggle-especial wp-block-navigation has-small-font-size\"><li class=\"has-small-font-size wp-block-navigation-item link-home wp-block-navigation-link\"><a class=\"wp-block-navigation-item__content\"  href=\"\/\"><span class=\"wp-block-navigation-item__label\">Home<\/span><\/a><\/li><li class=\"has-small-font-size wp-block-navigation-item link-servicio wp-block-navigation-link\"><a class=\"wp-block-navigation-item__content\"  href=\"\/#servicio\"><span class=\"wp-block-navigation-item__label\">Servicios<\/span><\/a><\/li><li class=\"has-small-font-size wp-block-navigation-item wp-block-navigation-link\"><a class=\"wp-block-navigation-item__content\"  href=\"https:\/\/issastrategy.com\/casos-exito\/\"><span class=\"wp-block-navigation-item__label\">Grandes logros<\/span><\/a><\/li><li class=\"has-small-font-size wp-block-navigation-item wp-block-navigation-link\"><a class=\"wp-block-navigation-item__content\"  href=\"https:\/\/issastrategy.com\/partnerships\/\"><span class=\"wp-block-navigation-item__label\">Partnerships<\/span><\/a><\/li><li class=\"has-small-font-size wp-block-navigation-item wp-block-navigation-link\"><a class=\"wp-block-navigation-item__content\"  href=\"https:\/\/issastrategy.com\/network\/\"><span class=\"wp-block-navigation-item__label\">My Network<\/span><\/a><\/li><li class=\"has-small-font-size wp-block-navigation-item link-suscriber wp-block-navigation-link\"><a class=\"wp-block-navigation-item__content\"  href=\"\/#newsletter\"><span class=\"wp-block-navigation-item__label\">Suscr\u00edbete<\/span><\/a><\/li><\/ul>\n\t\t\t\t\t\t\t<\/div>\n\t\t\t\t\t\t<\/div>\n\t\t\t\t\t<\/div>\n\t\t\t\t<\/div><\/nav>\n\n<div class=\"trp_language_switcher_shortcode\">\n<div class=\"trp-language-switcher trp-language-switcher-container\" data-no-translation >\n    <div class=\"trp-ls-shortcode-current-language\">\n        <a href=\"#\" class=\"trp-ls-shortcode-disabled-language trp-ls-disabled-language\" title=\"English\" onclick=\"event.preventDefault()\">\n\t\t\t<img loading=\"lazy\" decoding=\"async\" class=\"trp-flag-image\" src=\"https:\/\/issastrategy.com\/wp-content\/plugins\/translatepress-multilingual\/assets\/images\/flags\/en_US.png\" width=\"18\" height=\"12\" alt=\"en_US\" title=\"English\"> \t\t<\/a>\n    <\/div>\n    <div class=\"trp-ls-shortcode-language\">\n                <a href=\"#\" class=\"trp-ls-shortcode-disabled-language trp-ls-disabled-language\"  title=\"English\" onclick=\"event.preventDefault()\">\n\t\t\t<img loading=\"lazy\" decoding=\"async\" class=\"trp-flag-image\" src=\"https:\/\/issastrategy.com\/wp-content\/plugins\/translatepress-multilingual\/assets\/images\/flags\/en_US.png\" width=\"18\" height=\"12\" alt=\"en_US\" title=\"English\"> \t\t<\/a>\n                    <a href=\"https:\/\/issastrategy.com\/en\/wp-json\/wp\/v2\/pages\/1010#TRPLINKPROCESSED\" title=\"Spanish\">\n            <img loading=\"lazy\" decoding=\"async\" class=\"trp-flag-image\" src=\"https:\/\/issastrategy.com\/wp-content\/plugins\/translatepress-multilingual\/assets\/images\/flags\/es_ES.png\" width=\"18\" height=\"12\" alt=\"es_ES\" title=\"Spanish\">         <\/a>\n\n        <\/div>\n    <script type=\"application\/javascript\">\n        \/\/ need to have the same with set from JS on both divs. Otherwise it can push stuff around in HTML\n        var trp_ls_shortcodes = document.querySelectorAll('.trp_language_switcher_shortcode .trp-language-switcher');\n        if ( trp_ls_shortcodes.length > 0) {\n            \/\/ get the last language switcher added\n            var trp_el = trp_ls_shortcodes[trp_ls_shortcodes.length - 1];\n\n            var trp_shortcode_language_item = trp_el.querySelector( '.trp-ls-shortcode-language' )\n            \/\/ set width\n            var trp_ls_shortcode_width                                               = trp_shortcode_language_item.offsetWidth + 16;\n            trp_shortcode_language_item.style.width                                  = trp_ls_shortcode_width + 'px';\n            trp_el.querySelector( '.trp-ls-shortcode-current-language' ).style.width = trp_ls_shortcode_width + 'px';\n\n            \/\/ We're putting this on display: none after we have its width.\n            trp_shortcode_language_item.style.display = 'none';\n        }\n    <\/script>\n<\/div>\n<\/div>\n<\/div>\n<\/div>\n<\/div>\n<\/div>\n\n\n\n<section class=\"wp-block-group alignfull has-amarillo-background-color has-background is-layout-flow wp-block-group-is-layout-flow\" id=\"hero\" style=\"padding-top:var(--wp--preset--spacing--50);padding-right:var(--wp--preset--spacing--50);padding-bottom:var(--wp--preset--spacing--50);padding-left:var(--wp--preset--spacing--50)\">\n<div class=\"wp-block-media-text alignfull is-stacked-on-mobile\" style=\"padding-top:var(--wp--preset--spacing--30);padding-right:var(--wp--preset--spacing--80);padding-bottom:var(--wp--preset--spacing--30);padding-left:var(--wp--preset--spacing--80);grid-template-columns:45% auto\"><figure class=\"wp-block-media-text__media\"><img loading=\"lazy\" decoding=\"async\" width=\"904\" height=\"717\" src=\"https:\/\/issastrategy.com\/wp-content\/uploads\/2023\/02\/Circulo-azul-con-titulo.webp\" alt=\"\" class=\"wp-image-1018 size-full\" title=\"\" srcset=\"https:\/\/issastrategy.com\/wp-content\/uploads\/2023\/02\/Circulo-azul-con-titulo.webp 904w, https:\/\/issastrategy.com\/wp-content\/uploads\/2023\/02\/Circulo-azul-con-titulo-300x238.webp 300w, https:\/\/issastrategy.com\/wp-content\/uploads\/2023\/02\/Circulo-azul-con-titulo-768x609.webp 768w\" sizes=\"auto, (max-width: 904px) 100vw, 904px\" \/><\/figure><div class=\"wp-block-media-text__content\">\n<p class=\"has-morado-color has-text-color has-x-large-font-size\" style=\"font-style:normal;font-weight:700;line-height:1.5\">\u00bfNecesitas los<br>servicios de mis<br>grandes aliados?<\/p>\n<\/div><\/div>\n<\/section>\n\n\n\n<div class=\"wp-block-group alignfull ocultar-mobile has-blanco-color has-morado-background-color has-text-color has-background is-layout-flow wp-block-group-is-layout-flow\" id=\"contacto-network-desktop\" style=\"padding-top:var(--wp--preset--spacing--60);padding-bottom:var(--wp--preset--spacing--60)\">\n<p class=\"has-text-align-center\">Te conecto con <span class=\"has-reikna-font-family has-amarillo-color\" style=\"font-size:2.5rem;font-style:normal;font-weight:700;line-height: 0.8;\">los mejores profesionales<\/span><br>que trabajan conmigo, para que puedas complementar<br>tu equipo ideal, o hacer realidad un proyecto<\/p>\n<\/div>\n\n\n\n<div class=\"wp-block-group alignfull mostrar-mobile has-blanco-color has-morado-background-color has-text-color has-background is-layout-flow wp-block-group-is-layout-flow\" id=\"contacto-network-mobile\" style=\"padding-top:var(--wp--preset--spacing--60);padding-bottom:var(--wp--preset--spacing--60)\">\n<p class=\"has-text-align-center\">Te conecto con<br><span class=\"has-reikna-font-family has-amarillo-color\" style=\"font-size:2.5rem;font-style:normal;font-weight:700;line-height: 0.8;\">los mejores profesionales<\/span><br>que trabajan conmigo, para<br>que puedas complementar tu<br>equipo ideal, o hacer realidad<br>un proyecto<\/p>\n<\/div>\n\n\n\n<div class=\"wp-block-group alignfull is-layout-flow wp-block-group-is-layout-flow\">\n<div class=\"wp-block-columns is-layout-flex wp-container-core-columns-is-layout-7c85ca02 wp-block-columns-is-layout-flex\" style=\"padding-top:var(--wp--preset--spacing--60);padding-right:var(--wp--preset--spacing--80);padding-left:var(--wp--preset--spacing--80)\">\n<div class=\"wp-block-column is-layout-flow wp-block-column-is-layout-flow\">\n<div class=\"wp-block-essential-blocks-team-member\"><div class=\"eb-parent-wrapper eb-parent-eb-team-member-ui7ursx \"><div class=\"eb-team-member-ui7ursx eb-team-wrapper\"><div class=\"eb-team-inner\"><div class=\"image\"><img decoding=\"async\" class=\"avatar\" src=\"https:\/\/issastrategy.com\/wp-content\/uploads\/2023\/02\/LAU.webp\" alt=\"member\" title=\"\"><\/div><div class=\"contents\"><div class=\"texts\"><h3 class=\"name\">Lau<\/h3><h4 class=\"job_title\">Dise\u00f1o Gr\u00e1fico<\/h4><\/div><\/div><\/div><\/div><\/div><\/div>\n\n\n\n<div class=\"wp-block-buttons is-content-justification-center is-layout-flex wp-container-core-buttons-is-layout-a89b3969 wp-block-buttons-is-layout-flex\">\n<div class=\"wp-block-button is-style-issastrategy-shadow-button\"><a class=\"wp-block-button__link has-blanco-color has-rojo-background-color has-text-color has-background wp-element-button\" href=\"https:\/\/forms.gle\/pNCFf5iaotWW1Uo16\" rel=\"nofollow noopener\" target=\"_blank\">Cont\u00e1ctame<\/a><\/div>\n<\/div>\n<\/div>\n\n\n\n<div class=\"wp-block-column is-layout-flow wp-block-column-is-layout-flow\">\n<div class=\"wp-block-essential-blocks-team-member\"><div class=\"eb-parent-wrapper eb-parent-eb-team-member-c7w9t59 \"><div class=\"eb-team-member-c7w9t59 eb-team-wrapper\"><div class=\"eb-team-inner\"><div class=\"image\"><img decoding=\"async\" class=\"avatar\" src=\"https:\/\/issastrategy.com\/wp-content\/uploads\/2023\/02\/LUIS.webp\" alt=\"member\" title=\"\"><\/div><div class=\"contents\"><div class=\"texts\"><h3 class=\"name\">Luis<\/h3><h4 class=\"job_title\">Fotograf\u00eda Profesional<\/h4><\/div><\/div><\/div><\/div><\/div><\/div>\n\n\n\n<div class=\"wp-block-buttons is-content-justification-center is-layout-flex wp-container-core-buttons-is-layout-a89b3969 wp-block-buttons-is-layout-flex\">\n<div class=\"wp-block-button is-style-issastrategy-shadow-button\"><a class=\"wp-block-button__link has-blanco-color has-morado-background-color has-text-color has-background wp-element-button\" href=\"https:\/\/forms.gle\/W5Ri6w47UZN73Ci58\" rel=\"nofollow noopener\" target=\"_blank\">Cont\u00e1ctame<\/a><\/div>\n<\/div>\n<\/div>\n\n\n\n<div class=\"wp-block-column is-layout-flow wp-block-column-is-layout-flow\">\n<div class=\"wp-block-essential-blocks-team-member\"><div class=\"eb-parent-wrapper eb-parent-eb-team-member-ka1lvjt \"><div class=\"eb-team-member-ka1lvjt eb-team-wrapper\"><div class=\"eb-team-inner\"><div class=\"image\"><img decoding=\"async\" class=\"avatar\" src=\"https:\/\/issastrategy.com\/wp-content\/uploads\/2023\/02\/EVE.webp\" alt=\"member\" title=\"\"><\/div><div class=\"contents\"><div class=\"texts\"><h3 class=\"name\">Eve<\/h3><h4 class=\"job_title\">Blogger \/ Copywriter<\/h4><\/div><\/div><\/div><\/div><\/div><\/div>\n\n\n\n<div class=\"wp-block-buttons is-content-justification-center is-layout-flex wp-container-core-buttons-is-layout-a89b3969 wp-block-buttons-is-layout-flex\">\n<div class=\"wp-block-button is-style-issastrategy-shadow-button\"><a class=\"wp-block-button__link has-blanco-color has-turquesa-background-color has-text-color has-background wp-element-button\" href=\"https:\/\/forms.gle\/AQbwAJsLj4H8gLWd8\" rel=\"nofollow noopener\" target=\"_blank\">Cont\u00e1ctame<\/a><\/div>\n<\/div>\n<\/div>\n<\/div>\n\n\n\n<div class=\"wp-block-columns is-layout-flex wp-container-core-columns-is-layout-959ec4f9 wp-block-columns-is-layout-flex\" style=\"padding-top:var(--wp--preset--spacing--60);padding-right:var(--wp--preset--spacing--80);padding-left:var(--wp--preset--spacing--80)\">\n<div class=\"wp-block-column is-layout-flow wp-block-column-is-layout-flow\">\n<div class=\"wp-block-essential-blocks-team-member\"><div class=\"eb-parent-wrapper eb-parent-eb-team-member-ryh0gny \"><div class=\"eb-team-member-ryh0gny eb-team-wrapper\"><div class=\"eb-team-inner\"><div class=\"image\"><img decoding=\"async\" class=\"avatar\" src=\"https:\/\/issastrategy.com\/wp-content\/uploads\/2023\/02\/GERA.webp\" alt=\"member\" title=\"\"><\/div><div class=\"contents\"><div class=\"texts\"><h3 class=\"name\">Gera<\/h3><h4 class=\"job_title\">Ads<br>Management<\/h4><\/div><\/div><\/div><\/div><\/div><\/div>\n\n\n\n<div class=\"wp-block-buttons is-content-justification-center is-layout-flex wp-container-core-buttons-is-layout-a89b3969 wp-block-buttons-is-layout-flex\">\n<div class=\"wp-block-button is-style-issastrategy-shadow-button\"><a class=\"wp-block-button__link has-blanco-color has-turquesa-background-color has-text-color has-background wp-element-button\" href=\"https:\/\/forms.gle\/ffzNGkt8FPP9KpqX6\" rel=\"nofollow noopener\" target=\"_blank\">Cont\u00e1ctame<\/a><\/div>\n<\/div>\n<\/div>\n\n\n\n<div class=\"wp-block-column is-layout-flow wp-block-column-is-layout-flow\">\n<div class=\"wp-block-essential-blocks-team-member\"><div class=\"eb-parent-wrapper eb-parent-eb-team-member-5k1fk7j \"><div class=\"eb-team-member-5k1fk7j eb-team-wrapper\"><div class=\"eb-team-inner\"><div class=\"image\"><img decoding=\"async\" class=\"avatar\" src=\"https:\/\/issastrategy.com\/wp-content\/uploads\/2023\/02\/JOSE.webp\" alt=\"member\" title=\"\"><\/div><div class=\"contents\"><div class=\"texts\"><h3 class=\"name\">Jose<\/h3><h4 class=\"job_title\">Business \/<br>Supply Chain Coach<\/h4><\/div><\/div><\/div><\/div><\/div><\/div>\n\n\n\n<div class=\"wp-block-buttons is-content-justification-center is-layout-flex wp-container-core-buttons-is-layout-a89b3969 wp-block-buttons-is-layout-flex\">\n<div class=\"wp-block-button is-style-issastrategy-shadow-button\"><a class=\"wp-block-button__link has-blanco-color has-amarillo-background-color has-text-color has-background wp-element-button\" href=\"https:\/\/forms.gle\/zy8u7VRx1p7PjuFy8\" rel=\"nofollow noopener\" target=\"_blank\">Cont\u00e1ctame<\/a><\/div>\n<\/div>\n<\/div>\n\n\n\n<div class=\"wp-block-column is-layout-flow wp-block-column-is-layout-flow\">\n<div class=\"wp-block-essential-blocks-team-member\"><div class=\"eb-parent-wrapper eb-parent-eb-team-member-qixloto \"><div class=\"eb-team-member-qixloto eb-team-wrapper\"><div class=\"eb-team-inner\"><div class=\"image\"><img decoding=\"async\" class=\"avatar\" src=\"https:\/\/issastrategy.com\/wp-content\/uploads\/2023\/02\/RICK.webp\" alt=\"member\" title=\"\"><\/div><div class=\"contents\"><div class=\"texts\"><h3 class=\"name\">Rick<\/h3><h4 class=\"job_title\">Bilingual <br>Content Creator<\/h4><\/div><\/div><\/div><\/div><\/div><\/div>\n\n\n\n<div class=\"wp-block-buttons is-content-justification-center is-layout-flex wp-container-core-buttons-is-layout-a89b3969 wp-block-buttons-is-layout-flex\">\n<div class=\"wp-block-button is-style-issastrategy-shadow-button\"><a class=\"wp-block-button__link has-blanco-color has-rojo-background-color has-text-color has-background wp-element-button\" href=\"https:\/\/forms.gle\/1KEb5ie66SpnC6dAA\" rel=\"nofollow noopener\" target=\"_blank\">Cont\u00e1ctame<\/a><\/div>\n<\/div>\n<\/div>\n<\/div>\n<\/div>\n\n\n\n<section class=\"wp-block-group alignfull is-layout-flow wp-block-group-is-layout-flow\" id=\"contact\" style=\"padding-top:var(--wp--preset--spacing--60);padding-right:var(--wp--preset--spacing--60);padding-bottom:var(--wp--preset--spacing--60);padding-left:var(--wp--preset--spacing--60)\">\n<div class=\"wp-block-media-text alignwide is-stacked-on-mobile\" style=\"padding-top:var(--wp--preset--spacing--70);padding-right:var(--wp--preset--spacing--70);padding-bottom:var(--wp--preset--spacing--70);padding-left:var(--wp--preset--spacing--70);grid-template-columns:40% auto\"><figure class=\"wp-block-media-text__media\"><img loading=\"lazy\" decoding=\"async\" width=\"692\" height=\"909\" src=\"https:\/\/issastrategy.com\/wp-content\/uploads\/2023\/02\/Foto_Contactame.webp\" alt=\"\" class=\"wp-image-18 size-full\" title=\"\" srcset=\"https:\/\/issastrategy.com\/wp-content\/uploads\/2023\/02\/Foto_Contactame.webp 692w, https:\/\/issastrategy.com\/wp-content\/uploads\/2023\/02\/Foto_Contactame-228x300.webp 228w\" sizes=\"auto, (max-width: 692px) 100vw, 692px\" \/><\/figure><div class=\"wp-block-media-text__content\">\n<p class=\"ocultar-mobile has-morado-color has-text-color has-montserrat-font-family\" style=\"padding-bottom:var(--wp--preset--spacing--60);font-size:1.8rem;font-style:normal;font-weight:700;line-height:1.4\">\u00bfNo encuentras lo que buscas?<br>\u00bfTienes alguna duda?<\/p>\n\n\n\n<p class=\"has-text-align-center mostrar-mobile has-morado-color has-text-color has-montserrat-font-family\" style=\"padding-bottom:var(--wp--preset--spacing--60);font-size:1.8rem;font-style:normal;font-weight:700;line-height:1.4\">\u00bfNo encuentras lo<br>que buscas?<br>\u00bfTienes alguna duda?<\/p>\n\n\n\n<p class=\"centrar-contact-mobile has-negro-color has-text-color\" style=\"font-style:normal;font-weight:700\">\u00a1Cont\u00e1ctame!<\/p>\n\n\n\n<p class=\"ocultar-mobile has-negro-color has-text-color\" style=\"padding-bottom:var(--wp--preset--spacing--60)\">Recibe una asesor\u00eda gratuita para identificar cu\u00e1l es el mejor servicio para tu necesidad. Llamada, e-mail, o WhatsApp: lo que sea m\u00e1s c\u00f3modo para ti.<\/p>\n\n\n\n<p class=\"mostrar-mobile has-negro-color has-text-color has-small-font-size\" style=\"padding-bottom:var(--wp--preset--spacing--60)\">Recibe una asesor\u00eda gratuita<br>para identificar cu\u00e1l es el mejor<br>servicio para tu necesidad.<br>Llamada, e-mail, o WhatsApp:<br>lo que sea m\u00e1s c\u00f3modo para ti.<\/p>\n\n\n\n<div class=\"wp-block-buttons boton-mobile-center is-layout-flex wp-block-buttons-is-layout-flex\">\n<div class=\"wp-block-button\"><a class=\"wp-block-button__link has-blanco-color has-morado-background-color has-text-color has-background wp-element-button\" href=\"https:\/\/vx6an4lpsis.typeform.com\/to\/G0P830lc\" rel=\"nofollow noopener\" target=\"_blank\">Agenda un espacio<\/a><\/div>\n<\/div>\n<\/div><\/div>\n<\/section>\n","protected":false},"excerpt":{"rendered":"<p>\u00bfNecesitas losservicios de misgrandes aliados? Te conecto con los mejores profesionalesque trabajan conmigo, para que puedas complementartu equipo ideal, o hacer realidad un proyecto Te conecto conlos mejores profesionalesque trabajan conmigo, paraque puedas complementar tuequipo ideal, o hacer realidadun proyecto \u00bfNo encuentras lo que buscas?\u00bfTienes alguna duda? \u00bfNo encuentras loque buscas?\u00bfTienes alguna duda? \u00a1Cont\u00e1ctame! Recibe [&hellip;]<\/p>\n","protected":false},"author":1,"featured_media":0,"parent":0,"menu_order":0,"comment_status":"closed","ping_status":"closed","template":"no-title","meta":{"_eb_attr":"","footnotes":""},"class_list":["post-1010","page","type-page","status-publish","hentry"],"_links":{"self":[{"href":"https:\/\/issastrategy.com\/en\/wp-json\/wp\/v2\/pages\/1010","targetHints":{"allow":["GET"]}}],"collection":[{"href":"https:\/\/issastrategy.com\/en\/wp-json\/wp\/v2\/pages"}],"about":[{"href":"https:\/\/issastrategy.com\/en\/wp-json\/wp\/v2\/types\/page"}],"author":[{"embeddable":true,"href":"https:\/\/issastrategy.com\/en\/wp-json\/wp\/v2\/users\/1"}],"replies":[{"embeddable":true,"href":"https:\/\/issastrategy.com\/en\/wp-json\/wp\/v2\/comments?post=1010"}],"version-history":[{"count":14,"href":"https:\/\/issastrategy.com\/en\/wp-json\/wp\/v2\/pages\/1010\/revisions"}],"predecessor-version":[{"id":1524,"href":"https:\/\/issastrategy.com\/en\/wp-json\/wp\/v2\/pages\/1010\/revisions\/1524"}],"wp:attachment":[{"href":"https:\/\/issastrategy.com\/en\/wp-json\/wp\/v2\/media?parent=1010"}],"curies":[{"name":"wp","href":"https:\/\/api.w.org\/{rel}","templated":true}]}}