{"id":1023,"date":"2023-02-26T19:55:18","date_gmt":"2023-02-26T19:55:18","guid":{"rendered":"https:\/\/issastrategy.com\/network-copy\/"},"modified":"2023-03-14T20:08:34","modified_gmt":"2023-03-14T20:08:34","slug":"partnerships","status":"publish","type":"page","link":"https:\/\/issastrategy.com\/en\/partnerships\/","title":{"rendered":"Partnerships"},"content":{"rendered":"\n<div class=\"wp-block-group alignfull has-rojo-background-color has-background is-layout-flow wp-block-group-is-layout-flow\" id=\"reference-color\">\n<div class=\"wp-block-group alignfull is-layout-flow wp-block-group-is-layout-flow\" style=\"padding-top:var(--wp--preset--spacing--80);padding-right:0;padding-bottom:var(--wp--preset--spacing--80);padding-left:0\">\n<div class=\"wp-block-group alignfull is-layout-flow wp-block-group-is-layout-flow\" style=\"padding-top:0;padding-right:0;padding-bottom:0;padding-left:0\">\n<div class=\"wp-block-group alignfull site-navigation is-content-justification-space-between is-layout-flex wp-container-core-group-is-layout-ebaae733 wp-block-group-is-layout-flex\" style=\"padding-right:var(--wp--preset--spacing--40);padding-left:var(--wp--preset--spacing--40)\">\n<div class=\"wp-block-group is-layout-flex wp-block-group-is-layout-flex\"><div style=\"padding-top:var(--wp--preset--spacing--40);padding-bottom:var(--wp--preset--spacing--40);\" class=\"wp-block-site-logo\"><a href=\"https:\/\/issastrategy.com\/en\/\" class=\"custom-logo-link\" rel=\"home\"><img loading=\"lazy\" decoding=\"async\" width=\"165\" height=\"57\" src=\"https:\/\/issastrategy.com\/wp-content\/uploads\/2023\/02\/Logo_Issa-Strategy_Blanco-e1678201686601.png\" class=\"custom-logo\" alt=\"Issastrategy\" srcset=\"https:\/\/issastrategy.com\/wp-content\/uploads\/2023\/02\/Logo_Issa-Strategy_Blanco-e1678201686601.png 1080w, https:\/\/issastrategy.com\/wp-content\/uploads\/2023\/02\/Logo_Issa-Strategy_Blanco-e1678201686601-300x104.png 300w, https:\/\/issastrategy.com\/wp-content\/uploads\/2023\/02\/Logo_Issa-Strategy_Blanco-e1678201686601-1024x356.png 1024w, https:\/\/issastrategy.com\/wp-content\/uploads\/2023\/02\/Logo_Issa-Strategy_Blanco-e1678201686601-768x267.png 768w, https:\/\/issastrategy.com\/wp-content\/uploads\/2023\/02\/Logo_Issa-Strategy_Blanco-e1678201686601-18x6.png 18w\" sizes=\"auto, (max-width: 165px) 100vw, 165px\" title=\"\"><\/a><\/div><\/div>\n\n\n<nav class=\"has-text-color has-blanco-color has-small-font-size is-responsive items-justified-center menu-toggle-especial wp-block-navigation is-content-justification-center is-layout-flex wp-container-core-navigation-is-layout-0af31f88 wp-block-navigation-is-layout-flex\" aria-label=\"Navegaci\u00f3n\" \n\t\t data-wp-interactive=\"core\/navigation\" data-wp-context='{\"overlayOpenedBy\":{\"click\":false,\"hover\":false,\"focus\":false},\"type\":\"overlay\",\"roleAttribute\":\"\",\"ariaLabel\":\"Menu\"}'><button aria-haspopup=\"dialog\" aria-label=\"Open menu\" class=\"wp-block-navigation__responsive-container-open\" \n\t\t\t\tdata-wp-on--click=\"actions.openMenuOnClick\"\n\t\t\t\tdata-wp-on--keydown=\"actions.handleMenuKeydown\"\n\t\t\t><svg width=\"24\" height=\"24\" xmlns=\"http:\/\/www.w3.org\/2000\/svg\" viewBox=\"0 0 24 24\"><path d=\"M5 5v1.5h14V5H5z\"><\/path><path d=\"M5 12.8h14v-1.5H5v1.5z\"><\/path><path d=\"M5 19h14v-1.5H5V19z\"><\/path><\/svg><\/button>\n\t\t\t\t<div class=\"wp-block-navigation__responsive-container  has-text-color has-blanco-color has-background has-morado-background-color\"  id=\"modal-1\" \n\t\t\t\tdata-wp-class--has-modal-open=\"state.isMenuOpen\"\n\t\t\t\tdata-wp-class--is-menu-open=\"state.isMenuOpen\"\n\t\t\t\tdata-wp-watch=\"callbacks.initMenu\"\n\t\t\t\tdata-wp-on--keydown=\"actions.handleMenuKeydown\"\n\t\t\t\tdata-wp-on--focusout=\"actions.handleMenuFocusout\"\n\t\t\t\ttabindex=\"-1\"\n\t\t\t>\n\t\t\t\t\t<div class=\"wp-block-navigation__responsive-close\" tabindex=\"-1\">\n\t\t\t\t\t\t<div class=\"wp-block-navigation__responsive-dialog\" \n\t\t\t\tdata-wp-bind--aria-modal=\"state.ariaModal\"\n\t\t\t\tdata-wp-bind--aria-label=\"state.ariaLabel\"\n\t\t\t\tdata-wp-bind--role=\"state.roleAttribute\"\n\t\t\t>\n\t\t\t\t\t\t\t<button aria-label=\"Close menu\" class=\"wp-block-navigation__responsive-container-close\" \n\t\t\t\tdata-wp-on--click=\"actions.closeMenuOnClick\"\n\t\t\t><svg xmlns=\"http:\/\/www.w3.org\/2000\/svg\" viewBox=\"0 0 24 24\" width=\"24\" height=\"24\" aria-hidden=\"true\" focusable=\"false\"><path d=\"m13.06 12 6.47-6.47-1.06-1.06L12 10.94 5.53 4.47 4.47 5.53 10.94 12l-6.47 6.47 1.06 1.06L12 13.06l6.47 6.47 1.06-1.06L13.06 12Z\"><\/path><\/svg><\/button>\n\t\t\t\t\t\t\t<div class=\"wp-block-navigation__responsive-container-content\" \n\t\t\t\tdata-wp-watch=\"callbacks.focusFirstElement\"\n\t\t\t id=\"modal-1-content\">\n\t\t\t\t\t\t\t\t<ul class=\"wp-block-navigation__container has-text-color has-blanco-color has-small-font-size is-responsive items-justified-center menu-toggle-especial wp-block-navigation has-small-font-size\"><li class=\"has-small-font-size wp-block-navigation-item link-home wp-block-navigation-link\"><a class=\"wp-block-navigation-item__content\"  href=\"\/\"><span class=\"wp-block-navigation-item__label\">Home<\/span><\/a><\/li><li class=\"has-small-font-size wp-block-navigation-item link-servicio wp-block-navigation-link\"><a class=\"wp-block-navigation-item__content\"  href=\"\/#servicio\"><span class=\"wp-block-navigation-item__label\">Servicios<\/span><\/a><\/li><li class=\"has-small-font-size wp-block-navigation-item wp-block-navigation-link\"><a class=\"wp-block-navigation-item__content\"  href=\"https:\/\/issastrategy.com\/casos-exito\/\"><span class=\"wp-block-navigation-item__label\">Grandes logros<\/span><\/a><\/li><li class=\"has-small-font-size wp-block-navigation-item wp-block-navigation-link\"><a class=\"wp-block-navigation-item__content\"  href=\"https:\/\/issastrategy.com\/partnerships\/\"><span class=\"wp-block-navigation-item__label\">Partnerships<\/span><\/a><\/li><li class=\"has-small-font-size wp-block-navigation-item wp-block-navigation-link\"><a class=\"wp-block-navigation-item__content\"  href=\"https:\/\/issastrategy.com\/network\/\"><span class=\"wp-block-navigation-item__label\">My Network<\/span><\/a><\/li><li class=\"has-small-font-size wp-block-navigation-item link-suscriber wp-block-navigation-link\"><a class=\"wp-block-navigation-item__content\"  href=\"\/#newsletter\"><span class=\"wp-block-navigation-item__label\">Suscr\u00edbete<\/span><\/a><\/li><\/ul>\n\t\t\t\t\t\t\t<\/div>\n\t\t\t\t\t\t<\/div>\n\t\t\t\t\t<\/div>\n\t\t\t\t<\/div><\/nav>\n\n<div class=\"trp_language_switcher_shortcode\">\n<div class=\"trp-language-switcher trp-language-switcher-container\" data-no-translation >\n    <div class=\"trp-ls-shortcode-current-language\">\n        <a href=\"#\" class=\"trp-ls-shortcode-disabled-language trp-ls-disabled-language\" title=\"English\" onclick=\"event.preventDefault()\">\n\t\t\t<img loading=\"lazy\" decoding=\"async\" class=\"trp-flag-image\" src=\"https:\/\/issastrategy.com\/wp-content\/plugins\/translatepress-multilingual\/assets\/images\/flags\/en_US.png\" width=\"18\" height=\"12\" alt=\"en_US\" title=\"English\"> \t\t<\/a>\n    <\/div>\n    <div class=\"trp-ls-shortcode-language\">\n                <a href=\"#\" class=\"trp-ls-shortcode-disabled-language trp-ls-disabled-language\"  title=\"English\" onclick=\"event.preventDefault()\">\n\t\t\t<img loading=\"lazy\" decoding=\"async\" class=\"trp-flag-image\" src=\"https:\/\/issastrategy.com\/wp-content\/plugins\/translatepress-multilingual\/assets\/images\/flags\/en_US.png\" width=\"18\" height=\"12\" alt=\"en_US\" title=\"English\"> \t\t<\/a>\n                    <a href=\"https:\/\/issastrategy.com\/en\/wp-json\/wp\/v2\/pages\/1023#TRPLINKPROCESSED\" title=\"Spanish\">\n            <img loading=\"lazy\" decoding=\"async\" class=\"trp-flag-image\" src=\"https:\/\/issastrategy.com\/wp-content\/plugins\/translatepress-multilingual\/assets\/images\/flags\/es_ES.png\" width=\"18\" height=\"12\" alt=\"es_ES\" title=\"Spanish\">         <\/a>\n\n        <\/div>\n    <script type=\"application\/javascript\">\n        \/\/ need to have the same with set from JS on both divs. Otherwise it can push stuff around in HTML\n        var trp_ls_shortcodes = document.querySelectorAll('.trp_language_switcher_shortcode .trp-language-switcher');\n        if ( trp_ls_shortcodes.length > 0) {\n            \/\/ get the last language switcher added\n            var trp_el = trp_ls_shortcodes[trp_ls_shortcodes.length - 1];\n\n            var trp_shortcode_language_item = trp_el.querySelector( '.trp-ls-shortcode-language' )\n            \/\/ set width\n            var trp_ls_shortcode_width                                               = trp_shortcode_language_item.offsetWidth + 16;\n            trp_shortcode_language_item.style.width                                  = trp_ls_shortcode_width + 'px';\n            trp_el.querySelector( '.trp-ls-shortcode-current-language' ).style.width = trp_ls_shortcode_width + 'px';\n\n            \/\/ We're putting this on display: none after we have its width.\n            trp_shortcode_language_item.style.display = 'none';\n        }\n    <\/script>\n<\/div>\n<\/div>\n<\/div>\n<\/div>\n<\/div>\n<\/div>\n\n\n\n<section class=\"wp-block-group alignfull has-rojo-background-color has-background is-layout-flow wp-block-group-is-layout-flow\" id=\"hero\" style=\"padding-top:var(--wp--preset--spacing--50);padding-right:var(--wp--preset--spacing--50);padding-bottom:var(--wp--preset--spacing--50);padding-left:var(--wp--preset--spacing--50)\">\n<div class=\"wp-block-media-text alignfull is-stacked-on-mobile\" style=\"padding-top:var(--wp--preset--spacing--30);padding-right:var(--wp--preset--spacing--80);padding-bottom:var(--wp--preset--spacing--30);padding-left:var(--wp--preset--spacing--80);grid-template-columns:45% auto\"><figure class=\"wp-block-media-text__media\"><img loading=\"lazy\" decoding=\"async\" width=\"796\" height=\"847\" src=\"https:\/\/issastrategy.com\/wp-content\/uploads\/2023\/02\/Foto-Isa-1.webp\" alt=\"\" class=\"wp-image-1025 size-full\" title=\"\" srcset=\"https:\/\/issastrategy.com\/wp-content\/uploads\/2023\/02\/Foto-Isa-1.webp 796w, https:\/\/issastrategy.com\/wp-content\/uploads\/2023\/02\/Foto-Isa-1-282x300.webp 282w, https:\/\/issastrategy.com\/wp-content\/uploads\/2023\/02\/Foto-Isa-1-768x817.webp 768w\" sizes=\"auto, (max-width: 796px) 100vw, 796px\" \/><\/figure><div class=\"wp-block-media-text__content\">\n<p class=\"partnerships has-blanco-color has-text-color has-large-font-size\" style=\"font-style:normal;font-weight:700;line-height:1.5\">\u00bfTe gustar\u00eda que<br><span class=\"has-reikna-font-family has-morado-color\" style=\"font-size:5rem;font-style:normal;font-weight:700;line-height: 0.8\">promocionara<br>tu marca<\/span><br>en mis redes sociales?<\/p>\n<\/div><\/div>\n<\/section>\n\n\n\n<div class=\"wp-block-group alignfull more-info-partnerships is-layout-flow wp-block-group-is-layout-flow\" style=\"padding-top:var(--wp--preset--spacing--80);padding-right:var(--wp--preset--spacing--80);padding-bottom:var(--wp--preset--spacing--80);padding-left:var(--wp--preset--spacing--80)\">\n<div class=\"wp-block-media-text alignwide has-media-on-the-right is-stacked-on-mobile\" style=\"grid-template-columns:auto 45%\"><div class=\"wp-block-media-text__content\">\n<p class=\"has-morado-color has-text-color has-xx-large-font-size\" style=\"padding-bottom:0;font-style:normal;font-weight:700;line-height:1.2\">Amplificar\u00e9<br>tu prop\u00f3sito<\/p>\n\n\n\n<p style=\"padding-top:var(--wp--preset--spacing--60);padding-bottom:var(--wp--preset--spacing--60)\">Para que m\u00e1s personas conozcan<br>tu elemento diferenciador estrella.<\/p>\n\n\n\n<p class=\"has-negro-color has-text-color\" style=\"padding-bottom:var(--wp--preset--spacing--60);font-style:normal;font-weight:700;text-transform:uppercase\">La historia que hace<br>\u00fanica a tu marca<\/p>\n\n\n\n<div class=\"wp-block-buttons boton-mobile-center is-layout-flex wp-block-buttons-is-layout-flex\">\n<div class=\"wp-block-button is-style-issastrategy-shadow-button\"><a class=\"wp-block-button__link has-blanco-color has-morado-background-color has-text-color has-background wp-element-button\" href=\"https:\/\/vx6an4lpsis.typeform.com\/to\/G0P830lc\" rel=\"nofollow noopener\" target=\"_blank\">\u00a1trabajemos juntos!<\/a><\/div>\n<\/div>\n<\/div><figure class=\"wp-block-media-text__media\"><img loading=\"lazy\" decoding=\"async\" width=\"710\" height=\"940\" src=\"https:\/\/issastrategy.com\/wp-content\/uploads\/2023\/02\/gif-partnerships_1.webp\" alt=\"\" class=\"wp-image-1026 size-full\" title=\"\"><\/figure><\/div>\n<\/div>\n","protected":false},"excerpt":{"rendered":"<p>\u00bfTe gustar\u00eda quepromocionaratu marcaen mis redes sociales? Amplificar\u00e9tu prop\u00f3sito Para que m\u00e1s personas conozcantu elemento diferenciador estrella. La historia que hace\u00fanica a tu marca<\/p>","protected":false},"author":1,"featured_media":0,"parent":0,"menu_order":0,"comment_status":"closed","ping_status":"closed","template":"no-title","meta":{"_eb_attr":"","footnotes":""},"class_list":["post-1023","page","type-page","status-publish","hentry"],"_links":{"self":[{"href":"https:\/\/issastrategy.com\/en\/wp-json\/wp\/v2\/pages\/1023","targetHints":{"allow":["GET"]}}],"collection":[{"href":"https:\/\/issastrategy.com\/en\/wp-json\/wp\/v2\/pages"}],"about":[{"href":"https:\/\/issastrategy.com\/en\/wp-json\/wp\/v2\/types\/page"}],"author":[{"embeddable":true,"href":"https:\/\/issastrategy.com\/en\/wp-json\/wp\/v2\/users\/1"}],"replies":[{"embeddable":true,"href":"https:\/\/issastrategy.com\/en\/wp-json\/wp\/v2\/comments?post=1023"}],"version-history":[{"count":15,"href":"https:\/\/issastrategy.com\/en\/wp-json\/wp\/v2\/pages\/1023\/revisions"}],"predecessor-version":[{"id":1484,"href":"https:\/\/issastrategy.com\/en\/wp-json\/wp\/v2\/pages\/1023\/revisions\/1484"}],"wp:attachment":[{"href":"https:\/\/issastrategy.com\/en\/wp-json\/wp\/v2\/media?parent=1023"}],"curies":[{"name":"wp","href":"https:\/\/api.w.org\/{rel}","templated":true}]}}